{"id":2194,"date":"2022-08-23T14:10:14","date_gmt":"2022-08-23T12:10:14","guid":{"rendered":"https:\/\/loirelovers.fr\/politicas\/"},"modified":"2026-04-02T16:06:48","modified_gmt":"2026-04-02T14:06:48","slug":"politicas","status":"publish","type":"page","link":"https:\/\/loirelovers.fr\/es\/politicas\/","title":{"rendered":"Aviso legal, condiciones de uso y pol\u00edtica de privacidad"},"content":{"rendered":"\n<p>Las siguientes pol\u00edticas est\u00e1n sujetas a cambios sin previo aviso. Se actualizaron por \u00faltima vez el 2 de abril de 2026. Si tiene alguna pregunta, puede ponerse en contacto con nosotros a trav\u00e9s del formulario que aparece al final de la p\u00e1gina.<\/p>\n\n<hr class=\"wp-block-separator has-alpha-channel-opacity\"\/>\n\n<h2 class=\"wp-block-heading\">Informaci\u00f3n legal<\/h2>\n\n<p>Editor y responsable del sitio :<\/p>\n\n<p>Claire Robinson - 76600 Le Havre - Claire(at)regionlovers.fr<\/p>\n\n<p>Organizado por :<\/p>\n\n<p>WP Engine - Texas - Estados Unidos - <a href=\"https:\/\/wpengine.com\/contact\/\" rel=\"noreferrer noopener\" target=\"_blank\">Contacto<\/a><\/p>\n\n<p><strong>Empresa :<\/strong><\/p>\n\n<p>Region Lovers SAS<br\/>2 rue des sauveteurs<br\/>76600 Le Havre<br\/>Capital social 6000\u20ac.<br\/>VAT FR21845103191<\/p>\n\n<hr class=\"wp-block-separator has-alpha-channel-opacity\"\/>\n\n<h2 class=\"wp-block-heading\">Privacidad<\/h2>\n\n<p>Lea atentamente esta pol\u00edtica de privacidad para comprender c\u00f3mo Loire Lovers obtiene, utiliza, protege y, en general, maneja su informaci\u00f3n de identificaci\u00f3n personal cuando utiliza este sitio.<\/p>\n\n<p><strong>\u00bfQu\u00e9 informaci\u00f3n personal de las personas que visitan mi sitio se recoge?<\/strong><\/p>\n\n<p>Cuando comenta, hace un pedido o nos env\u00eda un correo electr\u00f3nico, es posible que se le pida su nombre, su direcci\u00f3n de correo electr\u00f3nico u otros datos para ayudarle en su experiencia.<\/p>\n\n<p><strong>\u00bfCu\u00e1ndo se recoge esta informaci\u00f3n?<\/strong><\/p>\n\n<p>Recogemos su informaci\u00f3n cuando se suscribe a un bolet\u00edn de noticias o a las actualizaciones por correo electr\u00f3nico, cuando realiza una compra, cuando completa una encuesta o cuando introduce informaci\u00f3n en este sitio (por ejemplo, para escribir un comentario).<\/p>\n\n<p><strong>\u00bfC\u00f3mo se utiliza esta informaci\u00f3n?<\/strong><\/p>\n\n<p>Podemos utilizar la informaci\u00f3n recogida de las siguientes maneras:<\/p>\n\n<ul class=\"wp-block-list\">\n<li>Para personalizar y ofrecer el tipo de contenidos y productos que m\u00e1s le interesan.<\/li>\n\n\n\n<li>Para mejorar el sitio con el fin de informarle mejor.<\/li>\n\n\n\n<li>Para enviar correos electr\u00f3nicos peri\u00f3dicos sobre el sitio u otros productos y servicios.<\/li>\n<\/ul>\n\n<p><strong>Nunca venderemos<\/strong> ni divulgaremos su informaci\u00f3n, y si en alg\u00fan momento desea darse de baja de cualquier comunicaci\u00f3n por correo electr\u00f3nico, puede hacerlo utilizando el enlace que aparece al final de cada correo.<\/p>\n\n<p>Si desea saber m\u00e1s sobre el uso y el almacenamiento de sus datos, utilice el formulario al final de esta p\u00e1gina para ponerse en contacto con nosotros.<\/p>\n\n<p><strong>\u00bfC\u00f3mo se protege la informaci\u00f3n de los visitantes de nuestro sitio?<\/strong><\/p>\n\n<p>El sitio web es escaneado regularmente en busca de agujeros de seguridad y debilidades conocidas para que su visita sea lo m\u00e1s segura posible.<\/p>\n\n<p><strong>\u00bfUtilizo cookies?<\/strong><\/p>\n\n<p>S\u00ed.\nLas cookies son peque\u00f1os archivos que un sitio o su proveedor de servicios transfiere al disco duro de su ordenador a trav\u00e9s de su navegador web (si usted lo permite) y que permiten al sitio o al proveedor de servicios reconocer su navegador y capturar y recordar cierta informaci\u00f3n.\nPor ejemplo, un sitio puede utilizar cookies para ayudar a recordar y procesar los art\u00edculos de su cesta de la compra.\nTambi\u00e9n se utilizan para ayudar a recopilar y analizar los datos de tr\u00e1fico del sitio y las interacciones del mismo para ofrecer mejores experiencias en nuestro sitio y mejores herramientas para el futuro.   <\/p>\n\n<p>Loire Lovers utiliza principalmente cookies para recopilar y analizar los datos de tr\u00e1fico del sitio y las interacciones del sitio con el fin de proporcionar una mejor experiencia del sitio y mejores herramientas para el futuro. Tambi\u00e9n tenemos cookies de afiliaci\u00f3n de sitios web que recomiendan mis gu\u00edas de viaje. Tambi\u00e9n podemos utilizar servicios de sitios de terceros de confianza para hacer un seguimiento de estos elementos por m\u00ed.<\/p>\n\n<p>Puede elegir que su ordenador le informe cada vez que env\u00ede una cookie o puede elegir desactivar todas las cookies.\nEsto se hace en la configuraci\u00f3n de su navegador (como Internet Explorer, Safari o Google Chrome). <\/p>\n\n<p><strong>Enlaces de terceros<\/strong><\/p>\n\n<p>Ocasionalmente, podemos tener enlaces en mis art\u00edculos a sitios de terceros, sus productos o servicios. Estos sitios tienen pol\u00edticas de privacidad independientes. Loire Lovers no se hace responsable del contenido y la actividad de los sitios enlazados. Sin embargo, nos esforzamos por ser \u00edntegros y agradecemos los comentarios sobre estos sitios.<\/p>\n\n<p><strong>Proveedores utilizados :<\/strong><\/p>\n\n<ul class=\"wp-block-list\">\n<li>Para gestionar la aceptaci\u00f3n de cookies, Complianz<\/li>\n\n\n\n<li>Para el formulario de contacto y el de suscripci\u00f3n al bolet\u00edn, Gravity Forms<\/li>\n\n\n\n<li>Para el bolet\u00edn de noticias, Mailchimp - <a href=\"https:\/\/mailchimp.com\/fr\/gdpr\/\">vea su acuerdo de protecci\u00f3n de datos<\/a><\/li>\n\n\n\n<li>Los libros electr\u00f3nicos se venden mediante la plataforma Sendowl<a href=\"https:\/\/stripe.com\/en-fr\/privacy\" target=\"_blank\" rel=\"noreferrer noopener\">(pol\u00edtica de privacidad aqu\u00ed) y los pagos con tarjeta de cr\u00e9dito se realizan mediante Stripe(pol\u00edtica de privacidad aqu\u00ed<\/a>).<\/li>\n<\/ul>\n\n<hr class=\"wp-block-separator has-alpha-channel-opacity\"\/>\n\n<h3 class=\"wp-block-heading\">Publicidad program\u00e1tica de Mediavine (Ver 1.1)<\/h3>\n\n<p>El sitio web trabaja con Mediavine para gestionar la publicidad basada en intereses de terceros que aparece en el sitio web. Mediavine ofrece contenidos y anuncios cuando usted visita el sitio web, que pueden utilizar cookies propias y de terceros. Una cookie es un peque\u00f1o archivo de texto enviado a su ordenador o dispositivo m\u00f3vil (denominado en esta pol\u00edtica \"dispositivo\") por el servidor web para que un sitio web pueda recordar cierta informaci\u00f3n sobre su actividad de navegaci\u00f3n en el sitio web.<\/p>\n\n<p>Las cookies de origen son creadas por el sitio web que est\u00e1 visitando. Una cookie de terceros se utiliza con frecuencia en la publicidad y el an\u00e1lisis del comportamiento y es creada por un dominio distinto del sitio web que est\u00e1 visitando. En el sitio web pueden colocarse cookies de terceros, etiquetas, p\u00edxeles, balizas web y otras tecnolog\u00edas similares (colectivamente, \"etiquetas\") para controlar la interacci\u00f3n con el contenido publicitario y para dirigir y optimizar la publicidad. Cada navegador de Internet tiene una funci\u00f3n que le permite bloquear las cookies de origen y de terceros y borrar la memoria cach\u00e9 de su navegador. La funci\u00f3n \"ayuda\" de la barra de men\u00fa de la mayor\u00eda de los navegadores le indicar\u00e1 c\u00f3mo dejar de aceptar nuevas cookies, c\u00f3mo recibir notificaciones de nuevas cookies, c\u00f3mo desactivar las cookies existentes y c\u00f3mo borrar la memoria cach\u00e9 de su navegador. Para m\u00e1s informaci\u00f3n sobre las cookies y c\u00f3mo desactivarlas, consulte la informaci\u00f3n disponible en la p\u00e1gina web <a href=\"https:\/\/www.allaboutcookies.org\/manage-cookies\/\" target=\"_blank\" rel=\"noreferrer noopener\">All About Cookies<\/a>.<\/p>\n\n<p>Sin cookies, es posible que no pueda aprovechar plenamente el contenido y las funciones del sitio web. Tenga en cuenta que rechazar las cookies no significa que deje de ver anuncios cuando visite nuestro sitio. Si rechaza las cookies, seguir\u00e1 viendo publicidad no personalizada en el sitio web.<\/p>\n\n<p>El sitio web recoge los siguientes datos mediante una cookie cuando muestra anuncios personalizados:<\/p>\n\n<ul class=\"wp-block-list\">\n<li>Direcci\u00f3n IP<\/li>\n\n\n\n<li>Tipo de sistema operativo<\/li>\n\n\n\n<li>Versi\u00f3n del sistema operativo<\/li>\n\n\n\n<li>Tipo de aparato<\/li>\n\n\n\n<li>Idioma del sitio<\/li>\n\n\n\n<li>Tipo de navegador web<\/li>\n\n\n\n<li>Correo electr\u00f3nico (en formato picado)<\/li>\n<\/ul>\n\n<p>Los socios de Mediavine (empresas enumeradas a continuaci\u00f3n con las que Mediavine comparte datos) tambi\u00e9n pueden utilizar estos datos para vincularlos a otra informaci\u00f3n sobre el usuario final que el socio haya recopilado de forma independiente con el fin de ofrecer publicidad dirigida. Los socios de Mediavine tambi\u00e9n pueden recopilar por separado datos del usuario final procedentes de otras fuentes, como identificadores o p\u00edxeles publicitarios, y vincular estos datos a los datos recopilados de los editores de Mediavine con el fin de ofrecer publicidad basada en intereses en toda su experiencia en l\u00ednea, incluidos dispositivos, navegadores y aplicaciones. Estos datos incluyen datos de uso, informaci\u00f3n sobre cookies, informaci\u00f3n sobre dispositivos, informaci\u00f3n sobre interacciones entre usuarios y anuncios y sitios web, datos de geolocalizaci\u00f3n, datos de tr\u00e1fico e informaci\u00f3n sobre la fuente de referencia de un visitante para un sitio web concreto. Mediavine Partners tambi\u00e9n puede crear identificadores \u00fanicos para crear segmentos de audiencia, que se utilizan para ofrecer publicidad dirigida.<\/p>\n\n<p>Si desea obtener m\u00e1s informaci\u00f3n sobre esta pr\u00e1ctica y las opciones que tiene para optar por participar o no en esta recopilaci\u00f3n de datos, visite la <a href=\"https:\/\/thenai.org\/opt-out\/\" target=\"_blank\" rel=\"noreferrer noopener\">p\u00e1gina de exclusi\u00f3n voluntaria de la Iniciativa Nacional de<\/a> Publicidad. Tambi\u00e9n puede consultar <a href=\"http:\/\/optout.aboutads.info\/#\/\" target=\"_blank\" rel=\"noreferrer noopener\">la p\u00e1gina web de la Digital Advertising Alliance<\/a> y <a href=\"http:\/\/optout.networkadvertising.org\/#\" target=\"_blank\" rel=\"noreferrer noopener\">la p\u00e1gina web de la Network Advertising Initiative<\/a> para obtener m\u00e1s informaci\u00f3n sobre la publicidad basada en intereses. Puede descargar la aplicaci\u00f3n <a href=\"https:\/\/youradchoices.com\/appchoices\" target=\"_blank\" rel=\"noreferrer noopener\">AppChoices desde el sitio de la aplicaci\u00f3n AppChoices de la Digital Advertising Alliance<\/a> para rechazar la publicidad en aplicaciones m\u00f3viles, o utilizar los controles de la plataforma en su dispositivo m\u00f3vil para rechazar la publicidad basada en intereses.<\/p>\n\n<p>Para obtener informaci\u00f3n espec\u00edfica sobre los socios de <a href=\"https:\/\/www.mediavine.com\/ad-partners\/\" target=\"_blank\" rel=\"noreferrer noopener\">Mediavine, los datos que recopilan y sus pol\u00edticas de recopilaci\u00f3n de datos y privacidad, visite el sitio web de socios de Mediavine<\/a>.<\/p>\n\n<h2 class=\"wp-block-heading\">Condiciones de uso<\/h2>\n\n<h3 class=\"wp-block-heading\">Nuestros servicios<\/h3>\n\n<p>No podemos responsabilizarnos de los retrasos o interrupciones del sitio web.\nNos esforzamos por hacer esfuerzos comercialmente razonables para minimizar los retrasos e interrupciones.\nSin embargo, no podemos garantizar que el sitio est\u00e9 disponible todo el tiempo o en momentos espec\u00edficos.  <\/p>\n\n<p>Podemos, a nuestra discreci\u00f3n y sin previo aviso, desactivar el sitio en su totalidad o en parte.\nSin embargo, no podemos responsabilizarnos de las p\u00e9rdidas, los costes, los da\u00f1os o las responsabilidades resultantes de la interrupci\u00f3n del sitio web. <\/p>\n\n<h3 class=\"wp-block-heading\">Conducta prohibida<\/h3>\n\n<p>En relaci\u00f3n con este sitio web, usted no debe :<\/p>\n\n<ul class=\"wp-block-list\">\n<li>Utilizar el sitio web para cualquier actividad o publicar o transmitir a trav\u00e9s del sitio web, cualquier informaci\u00f3n o material que contravenga cualquier ley o reglamento, que viole los derechos de cualquier tercero, o que sea contrario a cualquier norma o c\u00f3digo aplicable;<\/li>\n\n\n\n<li>Utilizar el sitio web para publicar o transmitir cualquier material que interfiera con otros usuarios o que difame, acose, amenace, ofenda o restrinja o inhiba el acceso de cualquier usuario al sitio web o a Internet;<\/li>\n\n\n\n<li>Utilizar el sitio web para enviar mensajes electr\u00f3nicos no solicitados;<\/li>\n\n\n\n<li>Manipular, interferir o modificar el sitio web de cualquier manera;<\/li>\n\n\n\n<li>transmitir a sabiendas cualquier virus u otras caracter\u00edsticas de inhabilitaci\u00f3n hacia o a trav\u00e9s del Sitio Web; o<\/li>\n\n\n\n<li>Intentar realizar cualquiera de los actos anteriores o facilitar o ayudar a otra persona a realizar cualquiera de los actos anteriores.<\/li>\n<\/ul>\n\n<h3 class=\"wp-block-heading\">Propiedad intelectual<\/h3>\n\n<p>El material del sitio web, incluidos el software, el dise\u00f1o, el texto, las im\u00e1genes y los gr\u00e1ficos incluidos en el sitio web y la selecci\u00f3n y disposici\u00f3n del sitio web son propiedad de Loire Lovers.<\/p>\n\n<p>El uso del sitio web no le otorga ninguna licencia ni derecho a utilizar ninguna de las marcas comerciales o logotipos, registrados o no, que sean visibles en el sitio web sin el permiso expreso por escrito del propietario de la marca.<\/p>\n\n<p>Somos propietarios de los derechos de autor de todas las obras creativas o literarias que se publican en el sitio web.<\/p>\n\n<p>Usted no debe :<\/p>\n\n<ul class=\"wp-block-list\">\n<li>Reproducir o utilizar cualquiera de los materiales del sitio web para cualquier fin comercial o no comercial, incluida la venta;<\/li>\n\n\n\n<li>Modificar de cualquier manera los materiales del sitio web; o<\/li>\n\n\n\n<li>Actuar de manera que cualquiera de los elementos del sitio web pueda ser enmarcado o incorporado en otro sitio web.<\/li>\n<\/ul>\n\n<p>En resumen, usted no debe modificar, copiar, reproducir, volver a publicar, enmarcar, cargar a un tercero, publicar, transmitir o distribuir el contenido del sitio web de ninguna manera, salvo lo dispuesto expresamente por nosotros o lo autorizado expresamente por escrito por nosotros.<\/p>\n\n<p>En el caso de que haga algo de lo anterior, no dudar\u00e9 en hacer valer nuestros derechos de propiedad intelectual contra usted.<\/p>\n\n<h3 class=\"wp-block-heading\"><strong>S\u00f3lo informaci\u00f3n general<\/strong><\/h3>\n\n<p>Nuestra intenci\u00f3n con la informaci\u00f3n de nuestra p\u00e1gina web es simplemente transmitir una visi\u00f3n general de los puntos de inter\u00e9s. La informaci\u00f3n contenida en nuestro sitio web no pretende ser exhaustiva, ni constituye en modo alguno un consejo o una recomendaci\u00f3n. Intentamos que el contenido sea actual y preciso, pero no garantizamos su validez y exactitud. Debe realizar su propia investigaci\u00f3n y\/o buscar su propia informaci\u00f3n antes de actuar o confiar en la informaci\u00f3n de nuestro sitio web.<\/p>\n\n<h3 class=\"wp-block-heading\"><strong>Enlaces a terceros<\/strong><\/h3>\n\n<p>El sitio web puede contener enlaces de hipertexto y otras referencias a sitios web operados por terceros (sitios web enlazados).\nNo controlamos ning\u00fan sitio web enlazado y, por lo tanto, no somos responsables del contenido del sitio web enlazado ni de los enlaces de hipertexto contenidos en el mismo.\nProporcionamos los hiperv\u00ednculos \u00fanicamente para su comodidad y no indican, de forma expresa o impl\u00edcita, ning\u00fan respaldo, patrocinio o aprobaci\u00f3n por nuestra parte de ning\u00fan sitio web vinculado ni de los productos o servicios ofrecidos por los sitios web vinculados.  <\/p>\n\n<p>Usted visita los sitios web enlazados bajo su propia responsabilidad.<\/p>\n\n<p>No ofrecemos ninguna garant\u00eda ni asumimos ninguna responsabilidad por ning\u00fan aspecto de los Sitios Enlazados y su contenido.<\/p>\n\n<p>Usted debe hacer sus propias averiguaciones sobre la idoneidad de los bienes y\/o servicios que se le ofrecen a trav\u00e9s de un sitio web enlazado.<\/p>\n\n<h3 class=\"wp-block-heading\">Compensaci\u00f3n<\/h3>\n\n<p>Al utilizar el Sitio Web, <strong>usted<\/strong>se compromete a eximirnos de toda responsabilidad por cualquier acci\u00f3n, reclamaci\u00f3n, demanda, da\u00f1os y perjuicios, as\u00ed como por responsabilidades, costes o gastos (ya sean extracontractuales o contractuales, incluida, entre otras, la negligencia) que se deriven o est\u00e9n relacionados con su uso del Sitio Web.<\/p>\n\n<hr class=\"wp-block-separator has-alpha-channel-opacity\"\/>\n\n<h2 class=\"wp-block-heading\" id=\"tab-con-1\">Divulgaci\u00f3n<\/h2>\n\n<h3 class=\"wp-block-heading\">Asociaciones<\/h3>\n\n<p>Loire Lovers <strong>no<\/strong> trabaja con marcas <strong>ni<\/strong> oficinas de turismo.<\/p>\n\n<p>Loire Lovers siempre dar\u00e1 su verdadera opini\u00f3n sobre sus descubrimientos, creencias y experiencias sobre estos temas. Los puntos de vista y las opiniones expresadas en este blog son los de sus respectivos autores. Cualquier representaci\u00f3n hecha sobre un producto, servicio u otro art\u00edculo debe ser verificada con el fabricante, proveedor o persona responsable del tema en cuesti\u00f3n.<\/p>\n\n<h3 class=\"wp-block-heading\"><strong>Enlaces de afiliados<\/strong><\/h3>\n\n<p>En algunos casos, podemos incluir enlaces de afiliados en algunos posts en los que recomendamos productos o servicios espec\u00edficos. Si compra algo a trav\u00e9s de uno de estos enlaces de afiliados, recibimos una peque\u00f1a comisi\u00f3n sin coste adicional para usted. <\/p>\n\n<p>Loire Lovers participa en los programas de socios de Amazon en la UE, EE.UU., Reino Unido y CA, que son programas de afiliaci\u00f3n dise\u00f1ados para permitir a los sitios web ganar dinero mediante enlaces a Amazon.<\/p>\n\n<hr class=\"wp-block-separator has-alpha-channel-opacity\"\/>\n\n<h2 class=\"wp-block-heading\" id=\"tab-con-7\">Contacte con<\/h2>\n\n<p><a href=\"https:\/\/loirelovers.fr\/es\/contacto\/\" target=\"_blank\" rel=\"noreferrer noopener\">Cont\u00e1ctenos<\/a><\/p>\n","protected":false},"excerpt":{"rendered":"<p>Las siguientes pol\u00edticas est\u00e1n sujetas a cambios sin previo aviso. Se actualizaron por \u00faltima vez el 2 de abril de 2026. Si tiene alguna pregunta, puede ponerse en contacto con nosotros a trav\u00e9s del formulario que aparece al final de la p\u00e1gina. Informaci\u00f3n legal Editor y responsable del sitio : Claire Robinson &#8211; 76600 Le [&hellip;]<\/p>\n","protected":false},"author":1,"featured_media":0,"parent":0,"menu_order":0,"comment_status":"closed","ping_status":"open","template":"","meta":{"_genesis_hide_title":false,"_genesis_hide_breadcrumbs":false,"_genesis_hide_singular_image":false,"_genesis_hide_footer_widgets":false,"_genesis_custom_body_class":"","_genesis_custom_post_class":"","_genesis_layout":"content-sidebar","footnotes":""},"class_list":{"0":"post-2194","1":"page","2":"type-page","3":"status-publish","5":"entry"},"yoast_head":"<!-- This site is optimized with the Yoast SEO plugin v27.2 - https:\/\/yoast.com\/product\/yoast-seo-wordpress\/ -->\n<title>Aviso legal, condiciones de uso y pol\u00edtica de privacidad<\/title>\n<meta name=\"description\" content=\"Aviso legal, condiciones de uso y pol\u00edtica de privacidad de Region Lovers\" \/>\n<meta name=\"robots\" content=\"index, follow, max-snippet:-1, max-image-preview:large, max-video-preview:-1\" \/>\n<link rel=\"canonical\" href=\"https:\/\/loirelovers.fr\/es\/politicas\/\" \/>\n<meta property=\"og:locale\" content=\"es_ES\" \/>\n<meta property=\"og:type\" content=\"article\" \/>\n<meta property=\"og:title\" content=\"Aviso legal, condiciones de uso y pol\u00edtica de privacidad\" \/>\n<meta property=\"og:description\" content=\"Aviso legal, condiciones de uso y pol\u00edtica de privacidad de Region Lovers\" \/>\n<meta property=\"og:url\" content=\"https:\/\/loirelovers.fr\/es\/politicas\/\" \/>\n<meta property=\"og:site_name\" content=\"Loire Lovers\" \/>\n<meta property=\"article:modified_time\" content=\"2026-04-02T14:06:48+00:00\" \/>\n<meta name=\"twitter:card\" content=\"summary_large_image\" \/>\n<meta name=\"twitter:label1\" content=\"Tiempo de lectura\" \/>\n\t<meta name=\"twitter:data1\" content=\"12 minutos\" \/>\n<script type=\"application\/ld+json\" class=\"yoast-schema-graph\">{\"@context\":\"https:\/\/schema.org\",\"@graph\":[{\"@type\":\"WebPage\",\"@id\":\"https:\/\/loirelovers.fr\/es\/politicas\/\",\"url\":\"https:\/\/loirelovers.fr\/es\/politicas\/\",\"name\":\"Aviso legal, condiciones de uso y pol\u00edtica de privacidad\",\"isPartOf\":{\"@id\":\"https:\/\/loirelovers.fr\/es\/#website\"},\"datePublished\":\"2022-08-23T12:10:14+00:00\",\"dateModified\":\"2026-04-02T14:06:48+00:00\",\"description\":\"Aviso legal, condiciones de uso y pol\u00edtica de privacidad de Region Lovers\",\"breadcrumb\":{\"@id\":\"https:\/\/loirelovers.fr\/es\/politicas\/#breadcrumb\"},\"inLanguage\":\"es\",\"potentialAction\":[{\"@type\":\"ReadAction\",\"target\":[\"https:\/\/loirelovers.fr\/es\/politicas\/\"]}]},{\"@type\":\"BreadcrumbList\",\"@id\":\"https:\/\/loirelovers.fr\/es\/politicas\/#breadcrumb\",\"itemListElement\":[{\"@type\":\"ListItem\",\"position\":1,\"name\":\"Home\",\"item\":\"https:\/\/loirelovers.fr\/es\/\"},{\"@type\":\"ListItem\",\"position\":2,\"name\":\"Aviso legal, condiciones de uso y pol\u00edtica de privacidad\"}]},{\"@type\":\"WebSite\",\"@id\":\"https:\/\/loirelovers.fr\/es\/#website\",\"url\":\"https:\/\/loirelovers.fr\/es\/\",\"name\":\"Loire Lovers\",\"description\":\"Para despertar los sentidos en el Valle del Loira - El Blog de Claire y Manu\",\"publisher\":{\"@id\":\"https:\/\/loirelovers.fr\/es\/#organization\"},\"potentialAction\":[{\"@type\":\"SearchAction\",\"target\":{\"@type\":\"EntryPoint\",\"urlTemplate\":\"https:\/\/loirelovers.fr\/es\/?s={search_term_string}\"},\"query-input\":{\"@type\":\"PropertyValueSpecification\",\"valueRequired\":true,\"valueName\":\"search_term_string\"}}],\"inLanguage\":\"es\"},{\"@type\":\"Organization\",\"@id\":\"https:\/\/loirelovers.fr\/es\/#organization\",\"name\":\"Loire Lovers\",\"url\":\"https:\/\/loirelovers.fr\/es\/\",\"logo\":{\"@type\":\"ImageObject\",\"inLanguage\":\"es\",\"@id\":\"https:\/\/loirelovers.fr\/es\/#\/schema\/logo\/image\/\",\"url\":\"https:\/\/loirelovers.fr\/wp-content\/uploads\/2022\/11\/Blog-Loire-Lovers-Logo-ES.png\",\"contentUrl\":\"https:\/\/loirelovers.fr\/wp-content\/uploads\/2022\/11\/Blog-Loire-Lovers-Logo-ES.png\",\"width\":2084,\"height\":863,\"caption\":\"Loire Lovers\"},\"image\":{\"@id\":\"https:\/\/loirelovers.fr\/es\/#\/schema\/logo\/image\/\"}}]}<\/script>\n<!-- \/ Yoast SEO plugin. -->","yoast_head_json":{"title":"Aviso legal, condiciones de uso y pol\u00edtica de privacidad","description":"Aviso legal, condiciones de uso y pol\u00edtica de privacidad de Region Lovers","robots":{"index":"index","follow":"follow","max-snippet":"max-snippet:-1","max-image-preview":"max-image-preview:large","max-video-preview":"max-video-preview:-1"},"canonical":"https:\/\/loirelovers.fr\/es\/politicas\/","og_locale":"es_ES","og_type":"article","og_title":"Aviso legal, condiciones de uso y pol\u00edtica de privacidad","og_description":"Aviso legal, condiciones de uso y pol\u00edtica de privacidad de Region Lovers","og_url":"https:\/\/loirelovers.fr\/es\/politicas\/","og_site_name":"Loire Lovers","article_modified_time":"2026-04-02T14:06:48+00:00","twitter_card":"summary_large_image","twitter_misc":{"Tiempo de lectura":"12 minutos"},"schema":{"@context":"https:\/\/schema.org","@graph":[{"@type":"WebPage","@id":"https:\/\/loirelovers.fr\/es\/politicas\/","url":"https:\/\/loirelovers.fr\/es\/politicas\/","name":"Aviso legal, condiciones de uso y pol\u00edtica de privacidad","isPartOf":{"@id":"https:\/\/loirelovers.fr\/es\/#website"},"datePublished":"2022-08-23T12:10:14+00:00","dateModified":"2026-04-02T14:06:48+00:00","description":"Aviso legal, condiciones de uso y pol\u00edtica de privacidad de Region Lovers","breadcrumb":{"@id":"https:\/\/loirelovers.fr\/es\/politicas\/#breadcrumb"},"inLanguage":"es","potentialAction":[{"@type":"ReadAction","target":["https:\/\/loirelovers.fr\/es\/politicas\/"]}]},{"@type":"BreadcrumbList","@id":"https:\/\/loirelovers.fr\/es\/politicas\/#breadcrumb","itemListElement":[{"@type":"ListItem","position":1,"name":"Home","item":"https:\/\/loirelovers.fr\/es\/"},{"@type":"ListItem","position":2,"name":"Aviso legal, condiciones de uso y pol\u00edtica de privacidad"}]},{"@type":"WebSite","@id":"https:\/\/loirelovers.fr\/es\/#website","url":"https:\/\/loirelovers.fr\/es\/","name":"Loire Lovers","description":"Para despertar los sentidos en el Valle del Loira - El Blog de Claire y Manu","publisher":{"@id":"https:\/\/loirelovers.fr\/es\/#organization"},"potentialAction":[{"@type":"SearchAction","target":{"@type":"EntryPoint","urlTemplate":"https:\/\/loirelovers.fr\/es\/?s={search_term_string}"},"query-input":{"@type":"PropertyValueSpecification","valueRequired":true,"valueName":"search_term_string"}}],"inLanguage":"es"},{"@type":"Organization","@id":"https:\/\/loirelovers.fr\/es\/#organization","name":"Loire Lovers","url":"https:\/\/loirelovers.fr\/es\/","logo":{"@type":"ImageObject","inLanguage":"es","@id":"https:\/\/loirelovers.fr\/es\/#\/schema\/logo\/image\/","url":"https:\/\/loirelovers.fr\/wp-content\/uploads\/2022\/11\/Blog-Loire-Lovers-Logo-ES.png","contentUrl":"https:\/\/loirelovers.fr\/wp-content\/uploads\/2022\/11\/Blog-Loire-Lovers-Logo-ES.png","width":2084,"height":863,"caption":"Loire Lovers"},"image":{"@id":"https:\/\/loirelovers.fr\/es\/#\/schema\/logo\/image\/"}}]}},"featured_image_src":null,"featured_image_src_square":null,"_links":{"self":[{"href":"https:\/\/loirelovers.fr\/es\/wp-json\/wp\/v2\/pages\/2194","targetHints":{"allow":["GET"]}}],"collection":[{"href":"https:\/\/loirelovers.fr\/es\/wp-json\/wp\/v2\/pages"}],"about":[{"href":"https:\/\/loirelovers.fr\/es\/wp-json\/wp\/v2\/types\/page"}],"author":[{"embeddable":true,"href":"https:\/\/loirelovers.fr\/es\/wp-json\/wp\/v2\/users\/1"}],"replies":[{"embeddable":true,"href":"https:\/\/loirelovers.fr\/es\/wp-json\/wp\/v2\/comments?post=2194"}],"version-history":[{"count":0,"href":"https:\/\/loirelovers.fr\/es\/wp-json\/wp\/v2\/pages\/2194\/revisions"}],"wp:attachment":[{"href":"https:\/\/loirelovers.fr\/es\/wp-json\/wp\/v2\/media?parent=2194"}],"curies":[{"name":"wp","href":"https:\/\/api.w.org\/{rel}","templated":true}]}}